{"id":94,"date":"2020-06-05T21:08:50","date_gmt":"2020-06-05T21:08:50","guid":{"rendered":"http:\/\/xn--tischlereimller-9vb.de\/?page_id=94"},"modified":"2023-02-08T12:43:26","modified_gmt":"2023-02-08T12:43:26","slug":"das-team","status":"publish","type":"page","link":"http:\/\/xn--tischlereimller-9vb.de\/?page_id=94","title":{"rendered":"Das Team"},"content":{"rendered":"<p><strong><img fetchpriority=\"high\" decoding=\"async\" class=\"alignnone size-medium wp-image-143\" src=\"http:\/\/xn--tischlereimller-9vb.de\/wp-content\/uploads\/2023\/02\/Uwe-Mueller-291x300.jpg\" alt=\"\" width=\"291\" height=\"300\" srcset=\"http:\/\/xn--tischlereimller-9vb.de\/wp-content\/uploads\/2023\/02\/Uwe-Mueller-291x300.jpg 291w, http:\/\/xn--tischlereimller-9vb.de\/wp-content\/uploads\/2023\/02\/Uwe-Mueller-993x1024.jpg 993w, http:\/\/xn--tischlereimller-9vb.de\/wp-content\/uploads\/2023\/02\/Uwe-Mueller-768x792.jpg 768w, http:\/\/xn--tischlereimller-9vb.de\/wp-content\/uploads\/2023\/02\/Uwe-Mueller-1489x1536.jpg 1489w, http:\/\/xn--tischlereimller-9vb.de\/wp-content\/uploads\/2023\/02\/Uwe-Mueller-1985x2048.jpg 1985w\" sizes=\"(max-width: 291px) 100vw, 291px\" \/><\/strong><\/p>\n<p><strong>Uwe M\u00fcller<\/strong><br \/>\nTischlermeister &amp; Inhaber<\/p>\n<p><img decoding=\"async\" class=\"alignnone size-medium wp-image-144\" src=\"http:\/\/xn--tischlereimller-9vb.de\/wp-content\/uploads\/2023\/02\/Kai-Mueller-300x286.jpg\" alt=\"\" width=\"300\" height=\"286\" srcset=\"http:\/\/xn--tischlereimller-9vb.de\/wp-content\/uploads\/2023\/02\/Kai-Mueller-300x286.jpg 300w, http:\/\/xn--tischlereimller-9vb.de\/wp-content\/uploads\/2023\/02\/Kai-Mueller-1024x975.jpg 1024w, http:\/\/xn--tischlereimller-9vb.de\/wp-content\/uploads\/2023\/02\/Kai-Mueller-768x731.jpg 768w, http:\/\/xn--tischlereimller-9vb.de\/wp-content\/uploads\/2023\/02\/Kai-Mueller-1536x1462.jpg 1536w, http:\/\/xn--tischlereimller-9vb.de\/wp-content\/uploads\/2023\/02\/Kai-Mueller-2048x1949.jpg 2048w\" sizes=\"(max-width: 300px) 100vw, 300px\" \/><\/p>\n<p><strong>Kai M\u00fcller<\/strong><br \/>\nTischlermeister<\/p>\n","protected":false},"excerpt":{"rendered":"<p>Uwe M\u00fcller Tischlermeister &amp; Inhaber Kai M\u00fcller Tischlermeister<\/p>\n","protected":false},"author":1,"featured_media":0,"parent":0,"menu_order":0,"comment_status":"closed","ping_status":"closed","template":"","meta":{"footnotes":""},"yoast_head":"<!-- This site is optimized with the Yoast SEO plugin v22.1 - https:\/\/yoast.com\/wordpress\/plugins\/seo\/ -->\n<title>Das Team - Tischlerei M\u00fcller<\/title>\n<meta name=\"robots\" content=\"index, follow, max-snippet:-1, max-image-preview:large, max-video-preview:-1\" \/>\n<link rel=\"canonical\" href=\"http:\/\/xn--tischlereimller-9vb.de\/?page_id=94\" \/>\n<meta property=\"og:locale\" content=\"de_DE\" \/>\n<meta property=\"og:type\" content=\"article\" \/>\n<meta property=\"og:title\" content=\"Das Team - Tischlerei M\u00fcller\" \/>\n<meta property=\"og:description\" content=\"Uwe M\u00fcller Tischlermeister &amp; Inhaber Kai M\u00fcller Tischlermeister\" \/>\n<meta property=\"og:url\" content=\"http:\/\/xn--tischlereimller-9vb.de\/?page_id=94\" \/>\n<meta property=\"og:site_name\" content=\"Tischlerei M\u00fcller\" \/>\n<meta property=\"article:modified_time\" content=\"2023-02-08T12:43:26+00:00\" \/>\n<meta property=\"og:image\" content=\"http:\/\/xn--tischlereimller-9vb.de\/wp-content\/uploads\/2023\/02\/Uwe-Mueller-291x300.jpg\" \/>\n<meta name=\"twitter:card\" content=\"summary_large_image\" \/>\n<script type=\"application\/ld+json\" class=\"yoast-schema-graph\">{\"@context\":\"https:\/\/schema.org\",\"@graph\":[{\"@type\":\"WebPage\",\"@id\":\"http:\/\/xn--tischlereimller-9vb.de\/?page_id=94\",\"url\":\"http:\/\/xn--tischlereimller-9vb.de\/?page_id=94\",\"name\":\"Das Team - Tischlerei M\u00fcller\",\"isPartOf\":{\"@id\":\"https:\/\/xn--tischlereimller-9vb.de\/#website\"},\"datePublished\":\"2020-06-05T21:08:50+00:00\",\"dateModified\":\"2023-02-08T12:43:26+00:00\",\"breadcrumb\":{\"@id\":\"http:\/\/xn--tischlereimller-9vb.de\/?page_id=94#breadcrumb\"},\"inLanguage\":\"de\",\"potentialAction\":[{\"@type\":\"ReadAction\",\"target\":[\"http:\/\/xn--tischlereimller-9vb.de\/?page_id=94\"]}]},{\"@type\":\"BreadcrumbList\",\"@id\":\"http:\/\/xn--tischlereimller-9vb.de\/?page_id=94#breadcrumb\",\"itemListElement\":[{\"@type\":\"ListItem\",\"position\":1,\"name\":\"Startseite\",\"item\":\"https:\/\/xn--tischlereimller-9vb.de\/\"},{\"@type\":\"ListItem\",\"position\":2,\"name\":\"Das Team\"}]},{\"@type\":\"WebSite\",\"@id\":\"https:\/\/xn--tischlereimller-9vb.de\/#website\",\"url\":\"https:\/\/xn--tischlereimller-9vb.de\/\",\"name\":\"Tischlerei M\u00fcller\",\"description\":\"Treten Sie ein in die Welt unserer Arbeit !\",\"potentialAction\":[{\"@type\":\"SearchAction\",\"target\":{\"@type\":\"EntryPoint\",\"urlTemplate\":\"https:\/\/xn--tischlereimller-9vb.de\/?s={search_term_string}\"},\"query-input\":\"required name=search_term_string\"}],\"inLanguage\":\"de\"}]}<\/script>\n<!-- \/ Yoast SEO plugin. -->","yoast_head_json":{"title":"Das Team - Tischlerei M\u00fcller","robots":{"index":"index","follow":"follow","max-snippet":"max-snippet:-1","max-image-preview":"max-image-preview:large","max-video-preview":"max-video-preview:-1"},"canonical":"http:\/\/xn--tischlereimller-9vb.de\/?page_id=94","og_locale":"de_DE","og_type":"article","og_title":"Das Team - Tischlerei M\u00fcller","og_description":"Uwe M\u00fcller Tischlermeister &amp; Inhaber Kai M\u00fcller Tischlermeister","og_url":"http:\/\/xn--tischlereimller-9vb.de\/?page_id=94","og_site_name":"Tischlerei M\u00fcller","article_modified_time":"2023-02-08T12:43:26+00:00","og_image":[{"url":"http:\/\/xn--tischlereimller-9vb.de\/wp-content\/uploads\/2023\/02\/Uwe-Mueller-291x300.jpg"}],"twitter_card":"summary_large_image","schema":{"@context":"https:\/\/schema.org","@graph":[{"@type":"WebPage","@id":"http:\/\/xn--tischlereimller-9vb.de\/?page_id=94","url":"http:\/\/xn--tischlereimller-9vb.de\/?page_id=94","name":"Das Team - Tischlerei M\u00fcller","isPartOf":{"@id":"https:\/\/xn--tischlereimller-9vb.de\/#website"},"datePublished":"2020-06-05T21:08:50+00:00","dateModified":"2023-02-08T12:43:26+00:00","breadcrumb":{"@id":"http:\/\/xn--tischlereimller-9vb.de\/?page_id=94#breadcrumb"},"inLanguage":"de","potentialAction":[{"@type":"ReadAction","target":["http:\/\/xn--tischlereimller-9vb.de\/?page_id=94"]}]},{"@type":"BreadcrumbList","@id":"http:\/\/xn--tischlereimller-9vb.de\/?page_id=94#breadcrumb","itemListElement":[{"@type":"ListItem","position":1,"name":"Startseite","item":"https:\/\/xn--tischlereimller-9vb.de\/"},{"@type":"ListItem","position":2,"name":"Das Team"}]},{"@type":"WebSite","@id":"https:\/\/xn--tischlereimller-9vb.de\/#website","url":"https:\/\/xn--tischlereimller-9vb.de\/","name":"Tischlerei M\u00fcller","description":"Treten Sie ein in die Welt unserer Arbeit !","potentialAction":[{"@type":"SearchAction","target":{"@type":"EntryPoint","urlTemplate":"https:\/\/xn--tischlereimller-9vb.de\/?s={search_term_string}"},"query-input":"required name=search_term_string"}],"inLanguage":"de"}]}},"_links":{"self":[{"href":"http:\/\/xn--tischlereimller-9vb.de\/index.php?rest_route=\/wp\/v2\/pages\/94"}],"collection":[{"href":"http:\/\/xn--tischlereimller-9vb.de\/index.php?rest_route=\/wp\/v2\/pages"}],"about":[{"href":"http:\/\/xn--tischlereimller-9vb.de\/index.php?rest_route=\/wp\/v2\/types\/page"}],"author":[{"embeddable":true,"href":"http:\/\/xn--tischlereimller-9vb.de\/index.php?rest_route=\/wp\/v2\/users\/1"}],"replies":[{"embeddable":true,"href":"http:\/\/xn--tischlereimller-9vb.de\/index.php?rest_route=%2Fwp%2Fv2%2Fcomments&post=94"}],"version-history":[{"count":3,"href":"http:\/\/xn--tischlereimller-9vb.de\/index.php?rest_route=\/wp\/v2\/pages\/94\/revisions"}],"predecessor-version":[{"id":145,"href":"http:\/\/xn--tischlereimller-9vb.de\/index.php?rest_route=\/wp\/v2\/pages\/94\/revisions\/145"}],"wp:attachment":[{"href":"http:\/\/xn--tischlereimller-9vb.de\/index.php?rest_route=%2Fwp%2Fv2%2Fmedia&parent=94"}],"curies":[{"name":"wp","href":"https:\/\/api.w.org\/{rel}","templated":true}]}}