{"id":2,"date":"2016-05-10T03:48:21","date_gmt":"2016-05-10T03:48:21","guid":{"rendered":"http:\/\/xn--tischlereimller-9vb.de\/?page_id=2"},"modified":"2020-06-05T21:07:31","modified_gmt":"2020-06-05T21:07:31","slug":"sample-page","status":"publish","type":"page","link":"http:\/\/xn--tischlereimller-9vb.de\/","title":{"rendered":"Profil"},"content":{"rendered":"<ul>\n<li>Unser Betrieb wurde 1866 gegr\u00fcndet und wird bereits in der 4. Generation weitergef\u00fchrt.<\/li>\n<li>Seit 1990 haben wir uns in der Produktion auf Einbaum\u00f6bel, M\u00f6bel nach Architektenentw\u00fcrfen und Innenausbau spezialisiert.<\/li>\n<li>Zu unserem Service geh\u00f6ren nicht nur die Produktion, sondern auch die Lieferung sowie der Einbau von Innen- &amp; Au\u00dfent\u00fcren, Fenstern, Parkett, Laminat, Decken- &amp; Wandverkleidungen.<\/li>\n<li>Wir unterst\u00fctzen K\u00fcnstler, wie Maler und Keramiker, bei der Realisierung Ihrer Arbeit und bei Ausstellungen.<\/li>\n<li>Den Kunden bieten wir eine umfangreiche Beratung und es stehen eine breite Auswahl an Materialmustern zur Verf\u00fcgung.<\/li>\n<\/ul>\n<p>Individuelle Beratung, ma\u00dfgeschneiderte Planung und hochwertige Ausf\u00fchrung sind die 3 S\u00e4ulen unserer Arbeit!<\/p>\n\n\n<figure class=\"wp-block-image size-large\"><img fetchpriority=\"high\" decoding=\"async\" width=\"520\" height=\"390\" src=\"http:\/\/xn--tischlereimller-9vb.de\/wp-content\/uploads\/2020\/06\/tischlerei_01.jpg\" alt=\"\" class=\"wp-image-75\" srcset=\"http:\/\/xn--tischlereimller-9vb.de\/wp-content\/uploads\/2020\/06\/tischlerei_01.jpg 520w, http:\/\/xn--tischlereimller-9vb.de\/wp-content\/uploads\/2020\/06\/tischlerei_01-300x225.jpg 300w\" sizes=\"(max-width: 520px) 100vw, 520px\" \/><figcaption>Tischlermeister &amp; Inhaber Uwe M\u00fcller<\/figcaption><\/figure>\n","protected":false},"excerpt":{"rendered":"<p>Unser Betrieb wurde 1866 gegr\u00fcndet und wird bereits in der 4. Generation weitergef\u00fchrt. Seit 1990 haben wir uns in der Produktion auf Einbaum\u00f6bel, M\u00f6bel nach Architektenentw\u00fcrfen und Innenausbau spezialisiert. Zu unserem Service geh\u00f6ren nicht nur die Produktion, sondern auch die Lieferung sowie der Einbau von Innen- &amp; Au\u00dfent\u00fcren, Fenstern, Parkett, Laminat, Decken- &amp; Wandverkleidungen. Wir <a class=\"more-link\" href=\"http:\/\/xn--tischlereimller-9vb.de\/\">weiterlesen&#8230;<\/a><\/p>\n","protected":false},"author":1,"featured_media":0,"parent":0,"menu_order":0,"comment_status":"closed","ping_status":"open","template":"","meta":{"footnotes":""},"yoast_head":"<!-- This site is optimized with the Yoast SEO plugin v22.1 - https:\/\/yoast.com\/wordpress\/plugins\/seo\/ -->\n<title>Profil - Tischlerei M\u00fcller<\/title>\n<meta name=\"robots\" content=\"index, follow, max-snippet:-1, max-image-preview:large, max-video-preview:-1\" \/>\n<link rel=\"canonical\" href=\"https:\/\/xn--tischlereimller-9vb.de\/\" \/>\n<meta property=\"og:locale\" content=\"de_DE\" \/>\n<meta property=\"og:type\" content=\"article\" \/>\n<meta property=\"og:title\" content=\"Profil - Tischlerei M\u00fcller\" \/>\n<meta property=\"og:description\" content=\"Unser Betrieb wurde 1866 gegr\u00fcndet und wird bereits in der 4. Generation weitergef\u00fchrt. Seit 1990 haben wir uns in der Produktion auf Einbaum\u00f6bel, M\u00f6bel nach Architektenentw\u00fcrfen und Innenausbau spezialisiert. Zu unserem Service geh\u00f6ren nicht nur die Produktion, sondern auch die Lieferung sowie der Einbau von Innen- &amp; Au\u00dfent\u00fcren, Fenstern, Parkett, Laminat, Decken- &amp; Wandverkleidungen. Wir weiterlesen...\" \/>\n<meta property=\"og:url\" content=\"https:\/\/xn--tischlereimller-9vb.de\/\" \/>\n<meta property=\"og:site_name\" content=\"Tischlerei M\u00fcller\" \/>\n<meta property=\"article:modified_time\" content=\"2020-06-05T21:07:31+00:00\" \/>\n<meta property=\"og:image\" content=\"http:\/\/xn--tischlereimller-9vb.de\/wp-content\/uploads\/2020\/06\/tischlerei_01.jpg\" \/>\n<meta name=\"twitter:card\" content=\"summary_large_image\" \/>\n<meta name=\"twitter:label1\" content=\"Gesch\u00e4tzte Lesezeit\" \/>\n\t<meta name=\"twitter:data1\" content=\"1\u00a0Minute\" \/>\n<script type=\"application\/ld+json\" class=\"yoast-schema-graph\">{\"@context\":\"https:\/\/schema.org\",\"@graph\":[{\"@type\":\"WebPage\",\"@id\":\"https:\/\/xn--tischlereimller-9vb.de\/\",\"url\":\"https:\/\/xn--tischlereimller-9vb.de\/\",\"name\":\"Profil - Tischlerei M\u00fcller\",\"isPartOf\":{\"@id\":\"https:\/\/xn--tischlereimller-9vb.de\/#website\"},\"datePublished\":\"2016-05-10T03:48:21+00:00\",\"dateModified\":\"2020-06-05T21:07:31+00:00\",\"breadcrumb\":{\"@id\":\"https:\/\/xn--tischlereimller-9vb.de\/#breadcrumb\"},\"inLanguage\":\"de\",\"potentialAction\":[{\"@type\":\"ReadAction\",\"target\":[\"https:\/\/xn--tischlereimller-9vb.de\/\"]}]},{\"@type\":\"BreadcrumbList\",\"@id\":\"https:\/\/xn--tischlereimller-9vb.de\/#breadcrumb\",\"itemListElement\":[{\"@type\":\"ListItem\",\"position\":1,\"name\":\"Startseite\",\"item\":\"https:\/\/xn--tischlereimller-9vb.de\/\"},{\"@type\":\"ListItem\",\"position\":2,\"name\":\"Profil\"}]},{\"@type\":\"WebSite\",\"@id\":\"https:\/\/xn--tischlereimller-9vb.de\/#website\",\"url\":\"https:\/\/xn--tischlereimller-9vb.de\/\",\"name\":\"Tischlerei M\u00fcller\",\"description\":\"Treten Sie ein in die Welt unserer Arbeit !\",\"potentialAction\":[{\"@type\":\"SearchAction\",\"target\":{\"@type\":\"EntryPoint\",\"urlTemplate\":\"https:\/\/xn--tischlereimller-9vb.de\/?s={search_term_string}\"},\"query-input\":\"required name=search_term_string\"}],\"inLanguage\":\"de\"}]}<\/script>\n<!-- \/ Yoast SEO plugin. -->","yoast_head_json":{"title":"Profil - Tischlerei M\u00fcller","robots":{"index":"index","follow":"follow","max-snippet":"max-snippet:-1","max-image-preview":"max-image-preview:large","max-video-preview":"max-video-preview:-1"},"canonical":"https:\/\/xn--tischlereimller-9vb.de\/","og_locale":"de_DE","og_type":"article","og_title":"Profil - Tischlerei M\u00fcller","og_description":"Unser Betrieb wurde 1866 gegr\u00fcndet und wird bereits in der 4. Generation weitergef\u00fchrt. Seit 1990 haben wir uns in der Produktion auf Einbaum\u00f6bel, M\u00f6bel nach Architektenentw\u00fcrfen und Innenausbau spezialisiert. Zu unserem Service geh\u00f6ren nicht nur die Produktion, sondern auch die Lieferung sowie der Einbau von Innen- &amp; Au\u00dfent\u00fcren, Fenstern, Parkett, Laminat, Decken- &amp; Wandverkleidungen. Wir weiterlesen...","og_url":"https:\/\/xn--tischlereimller-9vb.de\/","og_site_name":"Tischlerei M\u00fcller","article_modified_time":"2020-06-05T21:07:31+00:00","og_image":[{"url":"http:\/\/xn--tischlereimller-9vb.de\/wp-content\/uploads\/2020\/06\/tischlerei_01.jpg"}],"twitter_card":"summary_large_image","twitter_misc":{"Gesch\u00e4tzte Lesezeit":"1\u00a0Minute"},"schema":{"@context":"https:\/\/schema.org","@graph":[{"@type":"WebPage","@id":"https:\/\/xn--tischlereimller-9vb.de\/","url":"https:\/\/xn--tischlereimller-9vb.de\/","name":"Profil - Tischlerei M\u00fcller","isPartOf":{"@id":"https:\/\/xn--tischlereimller-9vb.de\/#website"},"datePublished":"2016-05-10T03:48:21+00:00","dateModified":"2020-06-05T21:07:31+00:00","breadcrumb":{"@id":"https:\/\/xn--tischlereimller-9vb.de\/#breadcrumb"},"inLanguage":"de","potentialAction":[{"@type":"ReadAction","target":["https:\/\/xn--tischlereimller-9vb.de\/"]}]},{"@type":"BreadcrumbList","@id":"https:\/\/xn--tischlereimller-9vb.de\/#breadcrumb","itemListElement":[{"@type":"ListItem","position":1,"name":"Startseite","item":"https:\/\/xn--tischlereimller-9vb.de\/"},{"@type":"ListItem","position":2,"name":"Profil"}]},{"@type":"WebSite","@id":"https:\/\/xn--tischlereimller-9vb.de\/#website","url":"https:\/\/xn--tischlereimller-9vb.de\/","name":"Tischlerei M\u00fcller","description":"Treten Sie ein in die Welt unserer Arbeit !","potentialAction":[{"@type":"SearchAction","target":{"@type":"EntryPoint","urlTemplate":"https:\/\/xn--tischlereimller-9vb.de\/?s={search_term_string}"},"query-input":"required name=search_term_string"}],"inLanguage":"de"}]}},"_links":{"self":[{"href":"http:\/\/xn--tischlereimller-9vb.de\/index.php?rest_route=\/wp\/v2\/pages\/2"}],"collection":[{"href":"http:\/\/xn--tischlereimller-9vb.de\/index.php?rest_route=\/wp\/v2\/pages"}],"about":[{"href":"http:\/\/xn--tischlereimller-9vb.de\/index.php?rest_route=\/wp\/v2\/types\/page"}],"author":[{"embeddable":true,"href":"http:\/\/xn--tischlereimller-9vb.de\/index.php?rest_route=\/wp\/v2\/users\/1"}],"replies":[{"embeddable":true,"href":"http:\/\/xn--tischlereimller-9vb.de\/index.php?rest_route=%2Fwp%2Fv2%2Fcomments&post=2"}],"version-history":[{"count":3,"href":"http:\/\/xn--tischlereimller-9vb.de\/index.php?rest_route=\/wp\/v2\/pages\/2\/revisions"}],"predecessor-version":[{"id":93,"href":"http:\/\/xn--tischlereimller-9vb.de\/index.php?rest_route=\/wp\/v2\/pages\/2\/revisions\/93"}],"wp:attachment":[{"href":"http:\/\/xn--tischlereimller-9vb.de\/index.php?rest_route=%2Fwp%2Fv2%2Fmedia&parent=2"}],"curies":[{"name":"wp","href":"https:\/\/api.w.org\/{rel}","templated":true}]}}