{"id":117,"date":"2020-06-05T22:23:42","date_gmt":"2020-06-05T22:23:42","guid":{"rendered":"http:\/\/xn--tischlereimller-9vb.de\/?page_id=117"},"modified":"2020-06-05T23:15:28","modified_gmt":"2020-06-05T23:15:28","slug":"impressum","status":"publish","type":"page","link":"http:\/\/xn--tischlereimller-9vb.de\/?page_id=117","title":{"rendered":"Impressum"},"content":{"rendered":"\n<p><strong><em>>> <a href=\"http:\/\/tischlereim\u00fcller.de\/?page_id=121\">Zur Datenschutzerkl\u00e4rung<\/a> >><\/em><\/strong><br><br><strong>Sie finden uns:<br><\/strong> Trebe 21<br>07607 Eisenberg<br><a href=\"http:\/\/www.tischlereim\u00fcller.de\/\">www.tischlereim\u00fcller.de<\/a><\/p>\n\n\n\n<p><strong>Sie h\u00f6ren uns:<br><\/strong>036691-42295<br><br><strong>Sie schreiben uns:<br><\/strong>Fax: 036691-52766<br>info@tischlereim\u00fcller.de <strong>oder<\/strong> tischlerei-uwe-mueller@t-online.de<br><br>Verantwortlich f\u00fcr den Inhalt: Tischlermeister Uwe M\u00fcller<\/p>\n\n\n\n<p>Steuer-ID: DE 150587066<\/p>\n\n\n\n<p>Steuer-Nr .: 1621\/251\/02280<\/p>\n\n\n\n<p><br><strong>Haftungsausschluss<br><\/strong> Hyperlinks auf dieser Website k\u00f6nnen zu anderen Websites f\u00fchren, die nicht von der Tischlerei \u00fcbernommen werden.<br><br>F\u00fcr den Inhalt dieser Seiten \u00fcbernehmen die Tischlerei M\u00fcller keine Haftung oder Verantwortung. Ein Link zu einer externen Website ist keine Garantie f\u00fcr den Inhalt oder die angebotenen Leistungen. Jegliche Verwendung der Informationen auf der Website zur Verf\u00fcgung stellen, oder auf andere Websites.<br><br>F\u00fcr die Nutzung dieser Website gelten die folgenden Bedingungen und alle m\u00f6glichen Gesetze.<br><br>Durch den Zugang auf diese Seite erkennen Sie die folgenden Bedingungen nicht beschr\u00e4nkt. Wenn nicht anders geregelt, sind die Inhalte dieser Website nicht einsehbar, aber nicht beschr\u00e4nkt auf Inhalte und Konzepte, Eigentum der Tischlerei M\u00fcller.<br><br>Diese Site und ihre in den Containern enthaltenen containing containing containing containing containing contains, tone, picture und HTML-Quellcode, Schaltfl\u00e4chen und Text erstellt, bekannt gegeben, \u00fcbertragen oder vertauscht werden. Ein Abschluss eines Werbespots in einem Werbespot unter Ber\u00fccksichtigung eines Beleges f\u00fcr die Werbesendungen f\u00fcr den Werbespot unter Ber\u00fccksichtigung von Materialien des Guts, der Kommunikation und der ber\u00fccksichtigten Materialien sowie Urheber-, Warensignatur- und sonstiges Besitzerstandskennzeichnungen enthalten. Die Daten und Texte, die auf dieser Website zur Verf\u00fcgung gestellt werden, sind kostenlos und kostenlos zu Informationszwecken.<br><br>Die Tischlerei M\u00fcller bediente diese Webseite in Deutschland. Die Nutzungsbedingungen und das gesamte Rechtsgesch\u00e4ft liegen der deutschen Recht zugrunde.<br><br>Bildquellen: Die Fotos auf dieser Homepage sind Eigentum der Tischlerei M\u00fcller. Weitere Bilder mit freundlicher Genehmigung angegebender Quellen.<\/p>\n","protected":false},"excerpt":{"rendered":"<p>>> Zur Datenschutzerkl\u00e4rung >> Sie finden uns: Trebe 2107607 Eisenbergwww.tischlereim\u00fcller.de Sie h\u00f6ren uns:036691-42295 Sie schreiben uns:Fax: 036691-52766info@tischlereim\u00fcller.de oder tischlerei-uwe-mueller@t-online.de Verantwortlich f\u00fcr den Inhalt: Tischlermeister Uwe M\u00fcller Steuer-ID: DE 150587066 Steuer-Nr .: 1621\/251\/02280 Haftungsausschluss Hyperlinks auf dieser Website k\u00f6nnen zu anderen Websites f\u00fchren, die nicht von der Tischlerei \u00fcbernommen werden. F\u00fcr den Inhalt dieser Seiten \u00fcbernehmen <a class=\"more-link\" href=\"http:\/\/xn--tischlereimller-9vb.de\/?page_id=117\">weiterlesen&#8230;<\/a><\/p>\n","protected":false},"author":1,"featured_media":0,"parent":0,"menu_order":0,"comment_status":"closed","ping_status":"closed","template":"","meta":{"footnotes":""},"yoast_head":"<!-- This site is optimized with the Yoast SEO plugin v22.1 - https:\/\/yoast.com\/wordpress\/plugins\/seo\/ -->\n<title>Impressum - Tischlerei M\u00fcller<\/title>\n<meta name=\"robots\" content=\"index, follow, max-snippet:-1, max-image-preview:large, max-video-preview:-1\" \/>\n<link rel=\"canonical\" href=\"http:\/\/xn--tischlereimller-9vb.de\/?page_id=117\" \/>\n<meta property=\"og:locale\" content=\"de_DE\" \/>\n<meta property=\"og:type\" content=\"article\" \/>\n<meta property=\"og:title\" content=\"Impressum - Tischlerei M\u00fcller\" \/>\n<meta property=\"og:description\" content=\"&gt;&gt; Zur Datenschutzerkl\u00e4rung &gt;&gt; Sie finden uns: Trebe 2107607 Eisenbergwww.tischlereim\u00fcller.de Sie h\u00f6ren uns:036691-42295 Sie schreiben uns:Fax: 036691-52766info@tischlereim\u00fcller.de oder tischlerei-uwe-mueller@t-online.de Verantwortlich f\u00fcr den Inhalt: Tischlermeister Uwe M\u00fcller Steuer-ID: DE 150587066 Steuer-Nr .: 1621\/251\/02280 Haftungsausschluss Hyperlinks auf dieser Website k\u00f6nnen zu anderen Websites f\u00fchren, die nicht von der Tischlerei \u00fcbernommen werden. F\u00fcr den Inhalt dieser Seiten \u00fcbernehmen weiterlesen...\" \/>\n<meta property=\"og:url\" content=\"http:\/\/xn--tischlereimller-9vb.de\/?page_id=117\" \/>\n<meta property=\"og:site_name\" content=\"Tischlerei M\u00fcller\" \/>\n<meta property=\"article:modified_time\" content=\"2020-06-05T23:15:28+00:00\" \/>\n<meta name=\"twitter:card\" content=\"summary_large_image\" \/>\n<meta name=\"twitter:label1\" content=\"Gesch\u00e4tzte Lesezeit\" \/>\n\t<meta name=\"twitter:data1\" content=\"1\u00a0Minute\" \/>\n<script type=\"application\/ld+json\" class=\"yoast-schema-graph\">{\"@context\":\"https:\/\/schema.org\",\"@graph\":[{\"@type\":\"WebPage\",\"@id\":\"http:\/\/xn--tischlereimller-9vb.de\/?page_id=117\",\"url\":\"http:\/\/xn--tischlereimller-9vb.de\/?page_id=117\",\"name\":\"Impressum - Tischlerei M\u00fcller\",\"isPartOf\":{\"@id\":\"https:\/\/xn--tischlereimller-9vb.de\/#website\"},\"datePublished\":\"2020-06-05T22:23:42+00:00\",\"dateModified\":\"2020-06-05T23:15:28+00:00\",\"breadcrumb\":{\"@id\":\"http:\/\/xn--tischlereimller-9vb.de\/?page_id=117#breadcrumb\"},\"inLanguage\":\"de\",\"potentialAction\":[{\"@type\":\"ReadAction\",\"target\":[\"http:\/\/xn--tischlereimller-9vb.de\/?page_id=117\"]}]},{\"@type\":\"BreadcrumbList\",\"@id\":\"http:\/\/xn--tischlereimller-9vb.de\/?page_id=117#breadcrumb\",\"itemListElement\":[{\"@type\":\"ListItem\",\"position\":1,\"name\":\"Startseite\",\"item\":\"https:\/\/xn--tischlereimller-9vb.de\/\"},{\"@type\":\"ListItem\",\"position\":2,\"name\":\"Impressum\"}]},{\"@type\":\"WebSite\",\"@id\":\"https:\/\/xn--tischlereimller-9vb.de\/#website\",\"url\":\"https:\/\/xn--tischlereimller-9vb.de\/\",\"name\":\"Tischlerei M\u00fcller\",\"description\":\"Treten Sie ein in die Welt unserer Arbeit !\",\"potentialAction\":[{\"@type\":\"SearchAction\",\"target\":{\"@type\":\"EntryPoint\",\"urlTemplate\":\"https:\/\/xn--tischlereimller-9vb.de\/?s={search_term_string}\"},\"query-input\":\"required name=search_term_string\"}],\"inLanguage\":\"de\"}]}<\/script>\n<!-- \/ Yoast SEO plugin. -->","yoast_head_json":{"title":"Impressum - Tischlerei M\u00fcller","robots":{"index":"index","follow":"follow","max-snippet":"max-snippet:-1","max-image-preview":"max-image-preview:large","max-video-preview":"max-video-preview:-1"},"canonical":"http:\/\/xn--tischlereimller-9vb.de\/?page_id=117","og_locale":"de_DE","og_type":"article","og_title":"Impressum - Tischlerei M\u00fcller","og_description":">> Zur Datenschutzerkl\u00e4rung >> Sie finden uns: Trebe 2107607 Eisenbergwww.tischlereim\u00fcller.de Sie h\u00f6ren uns:036691-42295 Sie schreiben uns:Fax: 036691-52766info@tischlereim\u00fcller.de oder tischlerei-uwe-mueller@t-online.de Verantwortlich f\u00fcr den Inhalt: Tischlermeister Uwe M\u00fcller Steuer-ID: DE 150587066 Steuer-Nr .: 1621\/251\/02280 Haftungsausschluss Hyperlinks auf dieser Website k\u00f6nnen zu anderen Websites f\u00fchren, die nicht von der Tischlerei \u00fcbernommen werden. F\u00fcr den Inhalt dieser Seiten \u00fcbernehmen weiterlesen...","og_url":"http:\/\/xn--tischlereimller-9vb.de\/?page_id=117","og_site_name":"Tischlerei M\u00fcller","article_modified_time":"2020-06-05T23:15:28+00:00","twitter_card":"summary_large_image","twitter_misc":{"Gesch\u00e4tzte Lesezeit":"1\u00a0Minute"},"schema":{"@context":"https:\/\/schema.org","@graph":[{"@type":"WebPage","@id":"http:\/\/xn--tischlereimller-9vb.de\/?page_id=117","url":"http:\/\/xn--tischlereimller-9vb.de\/?page_id=117","name":"Impressum - Tischlerei M\u00fcller","isPartOf":{"@id":"https:\/\/xn--tischlereimller-9vb.de\/#website"},"datePublished":"2020-06-05T22:23:42+00:00","dateModified":"2020-06-05T23:15:28+00:00","breadcrumb":{"@id":"http:\/\/xn--tischlereimller-9vb.de\/?page_id=117#breadcrumb"},"inLanguage":"de","potentialAction":[{"@type":"ReadAction","target":["http:\/\/xn--tischlereimller-9vb.de\/?page_id=117"]}]},{"@type":"BreadcrumbList","@id":"http:\/\/xn--tischlereimller-9vb.de\/?page_id=117#breadcrumb","itemListElement":[{"@type":"ListItem","position":1,"name":"Startseite","item":"https:\/\/xn--tischlereimller-9vb.de\/"},{"@type":"ListItem","position":2,"name":"Impressum"}]},{"@type":"WebSite","@id":"https:\/\/xn--tischlereimller-9vb.de\/#website","url":"https:\/\/xn--tischlereimller-9vb.de\/","name":"Tischlerei M\u00fcller","description":"Treten Sie ein in die Welt unserer Arbeit !","potentialAction":[{"@type":"SearchAction","target":{"@type":"EntryPoint","urlTemplate":"https:\/\/xn--tischlereimller-9vb.de\/?s={search_term_string}"},"query-input":"required name=search_term_string"}],"inLanguage":"de"}]}},"_links":{"self":[{"href":"http:\/\/xn--tischlereimller-9vb.de\/index.php?rest_route=\/wp\/v2\/pages\/117"}],"collection":[{"href":"http:\/\/xn--tischlereimller-9vb.de\/index.php?rest_route=\/wp\/v2\/pages"}],"about":[{"href":"http:\/\/xn--tischlereimller-9vb.de\/index.php?rest_route=\/wp\/v2\/types\/page"}],"author":[{"embeddable":true,"href":"http:\/\/xn--tischlereimller-9vb.de\/index.php?rest_route=\/wp\/v2\/users\/1"}],"replies":[{"embeddable":true,"href":"http:\/\/xn--tischlereimller-9vb.de\/index.php?rest_route=%2Fwp%2Fv2%2Fcomments&post=117"}],"version-history":[{"count":3,"href":"http:\/\/xn--tischlereimller-9vb.de\/index.php?rest_route=\/wp\/v2\/pages\/117\/revisions"}],"predecessor-version":[{"id":129,"href":"http:\/\/xn--tischlereimller-9vb.de\/index.php?rest_route=\/wp\/v2\/pages\/117\/revisions\/129"}],"wp:attachment":[{"href":"http:\/\/xn--tischlereimller-9vb.de\/index.php?rest_route=%2Fwp%2Fv2%2Fmedia&parent=117"}],"curies":[{"name":"wp","href":"https:\/\/api.w.org\/{rel}","templated":true}]}}